{"id":20,"date":"2025-10-06T08:57:26","date_gmt":"2025-10-06T08:57:26","guid":{"rendered":"https:\/\/pfdafflon.ch\/?page_id=20"},"modified":"2026-03-04T17:52:36","modified_gmt":"2026-03-04T17:52:36","slug":"a-propos-de-nous","status":"publish","type":"page","link":"https:\/\/pfdafflon.ch\/de\/a-propos-de-nous\/","title":{"rendered":"\u00dcber uns"},"content":{"rendered":"<div data-elementor-type=\"wp-page\" data-elementor-id=\"20\" class=\"elementor elementor-20\" wpc-filter-elementor-widget=\"1\" data-elementor-post-type=\"page\">\n\t\t\t\t\t\t<section class=\"elementor-section elementor-top-section elementor-element elementor-element-9ff4ea3 elementor-section-boxed elementor-section-height-default elementor-section-height-default\" data-id=\"9ff4ea3\" data-element_type=\"section\" data-e-type=\"section\" data-settings=\"{&quot;background_background&quot;:&quot;classic&quot;}\">\n\t\t\t\t\t\t\t<div class=\"elementor-background-overlay\"><\/div>\n\t\t\t\t\t\t\t<div class=\"elementor-container elementor-column-gap-no\">\n\t\t\t\t\t<div class=\"elementor-column elementor-col-100 elementor-top-column elementor-element elementor-element-1e783b52\" data-id=\"1e783b52\" data-element_type=\"column\" data-e-type=\"column\">\n\t\t\t<div class=\"elementor-widget-wrap elementor-element-populated\">\n\t\t\t\t\t\t<div class=\"elementor-element elementor-element-1fdeb6bb elementor-invisible elementor-widget elementor-widget-icon-box\" data-id=\"1fdeb6bb\" data-element_type=\"widget\" data-e-type=\"widget\" data-settings=\"{&quot;_animation&quot;:&quot;fadeInUp&quot;}\" data-widget_type=\"icon-box.default\">\n\t\t\t\t\t\t\t<div class=\"elementor-icon-box-wrapper\">\n\n\t\t\t\n\t\t\t\t\t\t<div class=\"elementor-icon-box-content\">\n\n\t\t\t\t\n\t\t\t\t\t\t\t\t\t<p class=\"elementor-icon-box-description\">\n\t\t\t\t\t\tWir begleiten die Familien mit Mitgef\u00fchl und Professionalit\u00e4t und sorgen daf\u00fcr, dass jeder Abschied mit W\u00fcrde und Aufmerksamkeit behandelt wird.\t\t\t\t\t<\/p>\n\t\t\t\t\n\t\t\t<\/div>\n\t\t\t\n\t\t<\/div>\n\t\t\t\t\t\t<\/div>\n\t\t\t\t\t<\/div>\n\t\t<\/div>\n\t\t\t\t\t<\/div>\n\t\t<\/section>\n\t\t\t\t<section class=\"elementor-section elementor-top-section elementor-element elementor-element-4c1eb676 elementor-section-content-middle elementor-reverse-tablet elementor-reverse-mobile elementor-section-boxed elementor-section-height-default elementor-section-height-default\" data-id=\"4c1eb676\" data-element_type=\"section\" data-e-type=\"section\" data-settings=\"{&quot;background_background&quot;:&quot;classic&quot;}\">\n\t\t\t\t\t\t<div class=\"elementor-container elementor-column-gap-no\">\n\t\t\t\t\t<div class=\"elementor-column elementor-col-50 elementor-top-column elementor-element elementor-element-20d960a6 elementor-invisible\" data-id=\"20d960a6\" data-element_type=\"column\" data-e-type=\"column\" data-settings=\"{&quot;background_background&quot;:&quot;classic&quot;,&quot;animation&quot;:&quot;fadeInLeft&quot;}\">\n\t\t\t<div class=\"elementor-widget-wrap elementor-element-populated\">\n\t\t\t\t\t\t<div class=\"elementor-element elementor-element-64e6107b elementor-widget elementor-widget-icon-box\" data-id=\"64e6107b\" data-element_type=\"widget\" data-e-type=\"widget\" data-widget_type=\"icon-box.default\">\n\t\t\t\t\t\t\t<div class=\"elementor-icon-box-wrapper\">\n\n\t\t\t\n\t\t\t\t\t\t<div class=\"elementor-icon-box-content\">\n\n\t\t\t\t\t\t\t\t\t<h2 class=\"elementor-icon-box-title\">\n\t\t\t\t\t\t<span  >\n\t\t\t\t\t\t\tGewidmet, um Komfort, Beratung und Respekt zu bieten\t\t\t\t\t\t<\/span>\n\t\t\t\t\t<\/h2>\n\t\t\t\t\n\t\t\t\t\t\t\t\t\t<p class=\"elementor-icon-box-description\">\n\t\t\t\t\t\tWir bei PF Dafflon haben es uns zur Aufgabe gemacht, Familien in den heikelsten Momenten des Lebens mit Verst\u00e4ndnis und Aufmerksamkeit zu unterst\u00fctzen. Unser Team sorgt daf\u00fcr, dass jedes Arrangement mit Mitgef\u00fchl, Professionalit\u00e4t und dem gr\u00f6\u00dften Respekt vor dem Andenken Ihres Angeh\u00f6rigen behandelt wird.\t\t\t\t\t<\/p>\n\t\t\t\t\n\t\t\t<\/div>\n\t\t\t\n\t\t<\/div>\n\t\t\t\t\t\t<\/div>\n\t\t\t\t<div class=\"elementor-element elementor-element-336de793 elementor-widget__width-initial elementor-widget-tablet__width-inherit elementor-widget-mobile__width-inherit elementor-view-stacked elementor-tablet-position-inline-start elementor-shape-circle elementor-position-block-start elementor-mobile-position-block-start elementor-invisible elementor-widget elementor-widget-icon-box\" data-id=\"336de793\" data-element_type=\"widget\" data-e-type=\"widget\" data-settings=\"{&quot;_animation&quot;:&quot;fadeInUp&quot;}\" data-widget_type=\"icon-box.default\">\n\t\t\t\t\t\t\t<div class=\"elementor-icon-box-wrapper\">\n\n\t\t\t\t\t\t<div class=\"elementor-icon-box-icon\">\n\t\t\t\t<span  class=\"elementor-icon\">\n\t\t\t\t<svg xmlns=\"http:\/\/www.w3.org\/2000\/svg\" xmlns:xlink=\"http:\/\/www.w3.org\/1999\/xlink\" xmlns:svgjs=\"http:\/\/svgjs.dev\/svgjs\" id=\"Capa_1\" height=\"300\" viewbox=\"0 0 512 512\" width=\"300\"><g width=\"100%\" height=\"100%\" transform=\"matrix(1,0,0,1,0,0)\"><g><path d=\"m376 362h-16.516c-7.357 50.75-50.729 90-103.484 90s-96.127-39.25-103.484-90h-16.516c-57.891 0-105 47.109-105 105v30c0 8.291 6.709 15 15 15h420c8.291 0 15-6.709 15-15v-30c0-57.891-47.109-105-105-105z\" fill=\"#7b1b38\" fill-opacity=\"1\" data-original-color=\"#000000ff\" stroke=\"none\" stroke-opacity=\"1\"><\/path><path d=\"m275.426 94.36c4.251-4.359 10.638-5.634 16.288-3.345 5.662 2.294 9.286 7.876 9.286 13.985v15h90v-15c0-57.89-47.11-105-105-105h-60c-57.89 0-105 47.11-105 105v15h75c51.744 0 77.77-24.056 79.426-25.64z\" fill=\"#7b1b38\" fill-opacity=\"1\" data-original-color=\"#000000ff\" stroke=\"none\" stroke-opacity=\"1\"><\/path><path d=\"m451 227v-32c0-19.552-12.543-36.226-30-42.419v73.219c0 14.949-2.159 30.239-6.881 45.452 20.947-3.836 36.881-22.215 36.881-44.252z\" fill=\"#7b1b38\" fill-opacity=\"1\" data-original-color=\"#000000ff\" stroke=\"none\" stroke-opacity=\"1\"><\/path><path d=\"m97.881 271.252c-4.71-15.172-6.881-30.458-6.881-45.452v-73.219c-17.457 6.193-30 22.867-30 42.419v32c0 22.037 15.934 40.416 36.881 44.252z\" fill=\"#7b1b38\" fill-opacity=\"1\" data-original-color=\"#000000ff\" stroke=\"none\" stroke-opacity=\"1\"><\/path><path d=\"m256 242c8.28 0 15 6.72 15 15s-6.72 15-15 15h-126.04c14.05 34.72 43.61 61.72 81.04 72.03v17.97h-28.48c6.97 34.19 37.26 60 73.48 60s66.51-25.81 73.48-60h-28.48v-17.97c52.543-14.473 90-62.092 90-118.23v-75.8h-105c-8.28 0-15-6.72-15-15v-2.01c-16.8 8.54-41.83 17.01-75 17.01h-75v75.8c0 5.49.36 10.9 1.06 16.2z\" fill=\"#7b1b38\" fill-opacity=\"1\" data-original-color=\"#000000ff\" stroke=\"none\" stroke-opacity=\"1\"><\/path><\/g><\/g><\/svg>\t\t\t\t<\/span>\n\t\t\t<\/div>\n\t\t\t\n\t\t\t\t\t\t<div class=\"elementor-icon-box-content\">\n\n\t\t\t\t\t\t\t\t\t<div class=\"elementor-icon-box-title\">\n\t\t\t\t\t\t<span  >\n\t\t\t\t\t\t\tPers\u00f6nliche Unterst\u00fctzung\t\t\t\t\t\t<\/span>\n\t\t\t\t\t<\/div>\n\t\t\t\t\n\t\t\t\t\t\t\t\t\t<p class=\"elementor-icon-box-description\">\n\t\t\t\t\t\tJede Familie ist einzigartig. Wir nehmen uns die Zeit, Ihre W\u00fcnsche zu verstehen und bieten Ihnen Dienstleistungen an, die Ihre Werte und Traditionen widerspiegeln.\t\t\t\t\t<\/p>\n\t\t\t\t\n\t\t\t<\/div>\n\t\t\t\n\t\t<\/div>\n\t\t\t\t\t\t<\/div>\n\t\t\t\t<div class=\"elementor-element elementor-element-4fa1f0d elementor-widget__width-initial elementor-widget-tablet__width-inherit elementor-widget-mobile__width-inherit elementor-view-stacked elementor-tablet-position-inline-start elementor-shape-circle elementor-position-block-start elementor-mobile-position-block-start elementor-invisible elementor-widget elementor-widget-icon-box\" data-id=\"4fa1f0d\" data-element_type=\"widget\" data-e-type=\"widget\" data-settings=\"{&quot;_animation&quot;:&quot;fadeInUp&quot;}\" data-widget_type=\"icon-box.default\">\n\t\t\t\t\t\t\t<div class=\"elementor-icon-box-wrapper\">\n\n\t\t\t\t\t\t<div class=\"elementor-icon-box-icon\">\n\t\t\t\t<span  class=\"elementor-icon\">\n\t\t\t\t<svg aria-hidden=\"true\" class=\"e-font-icon-svg e-fas-briefcase\" viewbox=\"0 0 512 512\" xmlns=\"http:\/\/www.w3.org\/2000\/svg\"><path d=\"M320 336c0 8.84-7.16 16-16 16h-96c-8.84 0-16-7.16-16-16v-48H0v144c0 25.6 22.4 48 48 48h416c25.6 0 48-22.4 48-48V288H320v48zm144-208h-80V80c0-25.6-22.4-48-48-48H176c-25.6 0-48 22.4-48 48v48H48c-25.6 0-48 22.4-48 48v80h512v-80c0-25.6-22.4-48-48-48zm-144 0H192V96h128v32z\"><\/path><\/svg>\t\t\t\t<\/span>\n\t\t\t<\/div>\n\t\t\t\n\t\t\t\t\t\t<div class=\"elementor-icon-box-content\">\n\n\t\t\t\t\t\t\t\t\t<div class=\"elementor-icon-box-title\">\n\t\t\t\t\t\t<span  >\n\t\t\t\t\t\t\tBew\u00e4hrte Erfahrung\t\t\t\t\t\t<\/span>\n\t\t\t\t\t<\/div>\n\t\t\t\t\n\t\t\t\t\t\t\t\t\t<p class=\"elementor-icon-box-description\">\n\t\t\t\t\t\tWir bieten eine f\u00fcrsorgliche und pers\u00f6nliche Betreuung und stellen sicher, dass jeder Abschied die W\u00fcnsche und Werte der jeweiligen Familie widerspiegelt.\t\t\t\t\t<\/p>\n\t\t\t\t\n\t\t\t<\/div>\n\t\t\t\n\t\t<\/div>\n\t\t\t\t\t\t<\/div>\n\t\t\t\t\t<\/div>\n\t\t<\/div>\n\t\t\t\t<div class=\"elementor-column elementor-col-50 elementor-top-column elementor-element elementor-element-2f3e1ed4\" data-id=\"2f3e1ed4\" data-element_type=\"column\" data-e-type=\"column\">\n\t\t\t<div class=\"elementor-widget-wrap elementor-element-populated\">\n\t\t\t\t\t\t<div class=\"elementor-element elementor-element-46406706 elementor-invisible elementor-widget elementor-widget-image\" data-id=\"46406706\" data-element_type=\"widget\" data-e-type=\"widget\" data-settings=\"{&quot;_animation&quot;:&quot;fadeInRight&quot;}\" data-widget_type=\"image.default\">\n\t\t\t\t\t\t\t\t\t\t\t\t\t\t\t<img fetchpriority=\"high\" decoding=\"async\" width=\"1733\" height=\"2560\" src=\"https:\/\/pfdafflon.ch\/wp-content\/uploads\/2025\/10\/interior-airplane-scaled.jpg\" class=\"attachment-full size-full wp-image-266\" alt=\"\" srcset=\"https:\/\/pfdafflon.ch\/wp-content\/uploads\/2025\/10\/interior-airplane-scaled.jpg 1733w, https:\/\/pfdafflon.ch\/wp-content\/uploads\/2025\/10\/interior-airplane-203x300.jpg 203w, https:\/\/pfdafflon.ch\/wp-content\/uploads\/2025\/10\/interior-airplane-693x1024.jpg 693w, https:\/\/pfdafflon.ch\/wp-content\/uploads\/2025\/10\/interior-airplane-768x1134.jpg 768w, https:\/\/pfdafflon.ch\/wp-content\/uploads\/2025\/10\/interior-airplane-1040x1536.jpg 1040w, https:\/\/pfdafflon.ch\/wp-content\/uploads\/2025\/10\/interior-airplane-1387x2048.jpg 1387w\" sizes=\"(max-width: 1733px) 100vw, 1733px\" \/>\t\t\t\t\t\t\t\t\t\t\t\t\t\t\t<\/div>\n\t\t\t\t\t<\/div>\n\t\t<\/div>\n\t\t\t\t\t<\/div>\n\t\t<\/section>\n\t\t\t\t<section class=\"elementor-section elementor-top-section elementor-element elementor-element-5a038c7a elementor-section-boxed elementor-section-height-default elementor-section-height-default\" data-id=\"5a038c7a\" data-element_type=\"section\" data-e-type=\"section\" data-settings=\"{&quot;background_background&quot;:&quot;classic&quot;}\">\n\t\t\t\t\t\t<div class=\"elementor-container elementor-column-gap-no\">\n\t\t\t\t\t<div class=\"elementor-column elementor-col-50 elementor-top-column elementor-element elementor-element-6e1b957d\" data-id=\"6e1b957d\" data-element_type=\"column\" data-e-type=\"column\" data-settings=\"{&quot;background_background&quot;:&quot;classic&quot;}\">\n\t\t\t<div class=\"elementor-widget-wrap elementor-element-populated\">\n\t\t\t\t\t\t<div class=\"elementor-element elementor-element-4ff0e4a8 elementor-invisible elementor-widget elementor-widget-icon-box\" data-id=\"4ff0e4a8\" data-element_type=\"widget\" data-e-type=\"widget\" data-settings=\"{&quot;_animation&quot;:&quot;fadeInUp&quot;}\" data-widget_type=\"icon-box.default\">\n\t\t\t\t\t\t\t<div class=\"elementor-icon-box-wrapper\">\n\n\t\t\t\n\t\t\t\t\t\t<div class=\"elementor-icon-box-content\">\n\n\t\t\t\t\t\t\t\t\t<h2 class=\"elementor-icon-box-title\">\n\t\t\t\t\t\t<span  >\n\t\t\t\t\t\t\tUmfassende Bestattungsdienste, die mit Mitgef\u00fchl und Respekt erbracht werden\t\t\t\t\t\t<\/span>\n\t\t\t\t\t<\/h2>\n\t\t\t\t\n\t\t\t\t\t\t\t\t\t<p class=\"elementor-icon-box-description\">\n\t\t\t\t\t\tWir behandeln jedes Detail mit Sorgfalt und Einf\u00fchlungsverm\u00f6gen und achten darauf, dass jede Dienstleistung Ihren Angeh\u00f6rigen mit W\u00fcrde ehrt. Unser Team ist da, um Sie bei jedem Schritt mit Verst\u00e4ndnis und Respekt zu begleiten und zu unterst\u00fctzen.\t\t\t\t\t<\/p>\n\t\t\t\t\n\t\t\t<\/div>\n\t\t\t\n\t\t<\/div>\n\t\t\t\t\t\t<\/div>\n\t\t\t\t<div class=\"elementor-element elementor-element-2cf836a6 elementor-align-justify elementor-widget-mobile__width-inherit elementor-invisible elementor-widget elementor-widget-button\" data-id=\"2cf836a6\" data-element_type=\"widget\" data-e-type=\"widget\" data-settings=\"{&quot;_animation&quot;:&quot;fadeInUp&quot;}\" data-widget_type=\"button.default\">\n\t\t\t\t\t\t\t\t\t\t<a class=\"elementor-button elementor-button-link elementor-size-sm\" href=\"https:\/\/pfdafflon.ch\/de\/prestations\/\">\n\t\t\t\t\t\t<span class=\"elementor-button-content-wrapper\">\n\t\t\t\t\t\t\t\t\t<span class=\"elementor-button-text\">Entdecken Sie unsere Dienstleistungen<\/span>\n\t\t\t\t\t<\/span>\n\t\t\t\t\t<\/a>\n\t\t\t\t\t\t\t\t<\/div>\n\t\t\t\t\t<\/div>\n\t\t<\/div>\n\t\t\t\t<div class=\"elementor-column elementor-col-50 elementor-top-column elementor-element elementor-element-5877452d\" data-id=\"5877452d\" data-element_type=\"column\" data-e-type=\"column\">\n\t\t\t<div class=\"elementor-widget-wrap\">\n\t\t\t\t\t\t\t<\/div>\n\t\t<\/div>\n\t\t\t\t\t<\/div>\n\t\t<\/section>\n\t\t\t\t<section class=\"elementor-section elementor-top-section elementor-element elementor-element-4062aa75 elementor-section-boxed elementor-section-height-default elementor-section-height-default\" data-id=\"4062aa75\" data-element_type=\"section\" data-e-type=\"section\" data-settings=\"{&quot;background_background&quot;:&quot;classic&quot;}\">\n\t\t\t\t\t\t<div class=\"elementor-container elementor-column-gap-no\">\n\t\t\t\t\t<div class=\"elementor-column elementor-col-100 elementor-top-column elementor-element elementor-element-659c1137\" data-id=\"659c1137\" data-element_type=\"column\" data-e-type=\"column\">\n\t\t\t<div class=\"elementor-widget-wrap elementor-element-populated\">\n\t\t\t\t\t\t<div class=\"elementor-element elementor-element-51ad50b9 elementor-widget__width-initial elementor-widget-mobile__width-inherit elementor-invisible elementor-widget elementor-widget-icon-box\" data-id=\"51ad50b9\" data-element_type=\"widget\" data-e-type=\"widget\" data-settings=\"{&quot;_animation&quot;:&quot;fadeInUp&quot;}\" data-widget_type=\"icon-box.default\">\n\t\t\t\t\t\t\t<div class=\"elementor-icon-box-wrapper\">\n\n\t\t\t\n\t\t\t\t\t\t<div class=\"elementor-icon-box-content\">\n\n\t\t\t\t\t\t\t\t\t<h2 class=\"elementor-icon-box-title\">\n\t\t\t\t\t\t<span  >\n\t\t\t\t\t\t\tUnser engagiertes Team\t\t\t\t\t\t<\/span>\n\t\t\t\t\t<\/h2>\n\t\t\t\t\n\t\t\t\t\t\t\t\t\t<p class=\"elementor-icon-box-description\">\n\t\t\t\t\t\tMitf\u00fchlend, erfahren und aufmerksam - unser Team setzt sich daf\u00fcr ein, Familien in jeder Phase mit Professionalit\u00e4t und aufrichtiger Aufmerksamkeit zu unterst\u00fctzen.\t\t\t\t\t<\/p>\n\t\t\t\t\n\t\t\t<\/div>\n\t\t\t\n\t\t<\/div>\n\t\t\t\t\t\t<\/div>\n\t\t\t\t<div class=\"elementor-element elementor-element-e109c3 elementor-widget__width-initial elementor-widget-mobile__width-initial elementor-position-top elementor-invisible elementor-widget elementor-widget-image-box\" data-id=\"e109c3\" data-element_type=\"widget\" data-e-type=\"widget\" data-settings=\"{&quot;_animation&quot;:&quot;fadeInRight&quot;}\" data-widget_type=\"image-box.default\">\n\t\t\t\t\t<div class=\"elementor-image-box-wrapper\"><figure class=\"elementor-image-box-img\"><img decoding=\"async\" src=\"https:\/\/pfdafflon.ch\/wp-content\/uploads\/elementor\/thumbs\/image00001-2-removebg-scaled-e1760888912453-rdfzd0k06nsvpk6lpd2g74de363tj9i3zquq1yy0kw.png\" title=\"image00001-2-removebg\" alt=\"image00001-2-removebg\" class=\"elementor-animation-float\" loading=\"lazy\" \/><\/figure><div class=\"elementor-image-box-content\"><h3 class=\"elementor-image-box-title\">Alain Dafflon<\/h3><p class=\"elementor-image-box-description\">Gr\u00fcnder &amp; Vorstandsmitglied<\/p><\/div><\/div>\t\t\t\t<\/div>\n\t\t\t\t<div class=\"elementor-element elementor-element-476116e6 elementor-widget__width-initial elementor-widget-mobile__width-initial elementor-hidden-desktop elementor-hidden-tablet elementor-hidden-mobile elementor-position-top elementor-invisible elementor-widget elementor-widget-image-box\" data-id=\"476116e6\" data-element_type=\"widget\" data-e-type=\"widget\" data-settings=\"{&quot;_animation&quot;:&quot;fadeInRight&quot;}\" data-widget_type=\"image-box.default\">\n\t\t\t\t\t<div class=\"elementor-image-box-wrapper\"><figure class=\"elementor-image-box-img\"><img decoding=\"async\" width=\"1236\" height=\"1351\" src=\"https:\/\/pfdafflon.ch\/wp-content\/uploads\/2025\/10\/WhatsApp-Image-2025-10-13-at-11.27.38_425078e4.jpg\" class=\"elementor-animation-float attachment-full size-full wp-image-2273\" alt=\"\" srcset=\"https:\/\/pfdafflon.ch\/wp-content\/uploads\/2025\/10\/WhatsApp-Image-2025-10-13-at-11.27.38_425078e4.jpg 1236w, https:\/\/pfdafflon.ch\/wp-content\/uploads\/2025\/10\/WhatsApp-Image-2025-10-13-at-11.27.38_425078e4-274x300.jpg 274w, https:\/\/pfdafflon.ch\/wp-content\/uploads\/2025\/10\/WhatsApp-Image-2025-10-13-at-11.27.38_425078e4-937x1024.jpg 937w, https:\/\/pfdafflon.ch\/wp-content\/uploads\/2025\/10\/WhatsApp-Image-2025-10-13-at-11.27.38_425078e4-768x839.jpg 768w\" sizes=\"(max-width: 1236px) 100vw, 1236px\" \/><\/figure><div class=\"elementor-image-box-content\"><h3 class=\"elementor-image-box-title\">Lionel Thierrin<\/h3><p class=\"elementor-image-box-description\">Bestattungsberater\n<\/p><\/div><\/div>\t\t\t\t<\/div>\n\t\t\t\t<div class=\"elementor-element elementor-element-3857b5a0 elementor-widget__width-initial elementor-widget-mobile__width-initial elementor-hidden-desktop elementor-hidden-tablet elementor-hidden-mobile elementor-position-top elementor-widget elementor-widget-image-box\" data-id=\"3857b5a0\" data-element_type=\"widget\" data-e-type=\"widget\" data-widget_type=\"image-box.default\">\n\t\t\t\t\t<div class=\"elementor-image-box-wrapper\"><figure class=\"elementor-image-box-img\"><img decoding=\"async\" src=\"https:\/\/pfdafflon.ch\/wp-content\/uploads\/elementor\/thumbs\/handsome-businessman-working-in-office-rd52cyb1m6660x17ga9khu33oq3scbobtc6ig6f1ww.jpg\" title=\"handsome-businessman-working-in-office.jpg\" alt=\"handsome-businessman-working-in-office.jpg\" class=\"elementor-animation-float\" loading=\"lazy\" \/><\/figure><div class=\"elementor-image-box-content\"><h3 class=\"elementor-image-box-title\">Delbert Patel<\/h3><p class=\"elementor-image-box-description\">Accounts<\/p><\/div><\/div>\t\t\t\t<\/div>\n\t\t\t\t\t<\/div>\n\t\t<\/div>\n\t\t\t\t\t<\/div>\n\t\t<\/section>\n\t\t\t\t<\/div>","protected":false},"excerpt":{"rendered":"<p>Nous accompagnons les familles avec compassion et professionnalisme, en veillant \u00e0 ce que chaque adieu soit trait\u00e9 avec dignit\u00e9 et attention. D\u00e9di\u00e9 \u00e0 offrir confort, conseils et respect Chez PF Dafflon, nous nous engageons \u00e0 aider les familles \u00e0 traverser les moments les plus d\u00e9licats de la vie avec compr\u00e9hension et attention. Notre \u00e9quipe veille [&hellip;]<\/p>\n","protected":false},"author":1,"featured_media":0,"parent":0,"menu_order":0,"comment_status":"closed","ping_status":"closed","template":"","meta":{"_acf_changed":false,"footnotes":""},"class_list":["post-20","page","type-page","status-publish","hentry"],"acf":[],"_links":{"self":[{"href":"https:\/\/pfdafflon.ch\/de\/wp-json\/wp\/v2\/pages\/20","targetHints":{"allow":["GET"]}}],"collection":[{"href":"https:\/\/pfdafflon.ch\/de\/wp-json\/wp\/v2\/pages"}],"about":[{"href":"https:\/\/pfdafflon.ch\/de\/wp-json\/wp\/v2\/types\/page"}],"author":[{"embeddable":true,"href":"https:\/\/pfdafflon.ch\/de\/wp-json\/wp\/v2\/users\/1"}],"replies":[{"embeddable":true,"href":"https:\/\/pfdafflon.ch\/de\/wp-json\/wp\/v2\/comments?post=20"}],"version-history":[{"count":144,"href":"https:\/\/pfdafflon.ch\/de\/wp-json\/wp\/v2\/pages\/20\/revisions"}],"predecessor-version":[{"id":2626,"href":"https:\/\/pfdafflon.ch\/de\/wp-json\/wp\/v2\/pages\/20\/revisions\/2626"}],"wp:attachment":[{"href":"https:\/\/pfdafflon.ch\/de\/wp-json\/wp\/v2\/media?parent=20"}],"curies":[{"name":"wp","href":"https:\/\/api.w.org\/{rel}","templated":true}]}}